{"id":1323,"date":"2020-12-09T09:59:27","date_gmt":"2020-12-09T09:59:27","guid":{"rendered":"https:\/\/hotelfilli.ch.webseitenplaner.ch\/?page_id=1323"},"modified":"2021-05-24T17:21:23","modified_gmt":"2021-05-24T17:21:23","slug":"agb","status":"publish","type":"page","link":"https:\/\/hotelfilli.ch\/romansch\/agb\/","title":{"rendered":"AGB"},"content":{"rendered":"<div data-elementor-type=\"wp-page\" data-elementor-id=\"1323\" class=\"elementor elementor-1323\" data-elementor-post-type=\"page\">\n\t\t\t\t\t\t\t\t\t<section class=\"elementor-section elementor-top-section elementor-element elementor-element-3eef9503 elementor-section-full_width elementor-section-height-min-height elementor-section-items-bottom elementor-section-height-default\" data-id=\"3eef9503\" data-element_type=\"section\" data-settings=\"{&quot;background_background&quot;:&quot;slideshow&quot;,&quot;background_slideshow_gallery&quot;:[{&quot;id&quot;:289,&quot;url&quot;:&quot;https:\\\/\\\/hotelfilli.ch\\\/wp-content\\\/uploads\\\/2020\\\/11\\\/bildwechsler_1.jpg&quot;},{&quot;id&quot;:290,&quot;url&quot;:&quot;https:\\\/\\\/hotelfilli.ch\\\/wp-content\\\/uploads\\\/2020\\\/11\\\/bildwechsler_2.jpg&quot;},{&quot;id&quot;:291,&quot;url&quot;:&quot;https:\\\/\\\/hotelfilli.ch\\\/wp-content\\\/uploads\\\/2020\\\/11\\\/bildwechsler_3.jpg&quot;},{&quot;id&quot;:292,&quot;url&quot;:&quot;https:\\\/\\\/hotelfilli.ch\\\/wp-content\\\/uploads\\\/2020\\\/11\\\/bildwechsler_4.jpg&quot;},{&quot;id&quot;:293,&quot;url&quot;:&quot;https:\\\/\\\/hotelfilli.ch\\\/wp-content\\\/uploads\\\/2020\\\/11\\\/bildwechsler_5.jpg&quot;},{&quot;id&quot;:294,&quot;url&quot;:&quot;https:\\\/\\\/hotelfilli.ch\\\/wp-content\\\/uploads\\\/2020\\\/11\\\/bildwechsler_6.jpg&quot;},{&quot;id&quot;:295,&quot;url&quot;:&quot;https:\\\/\\\/hotelfilli.ch\\\/wp-content\\\/uploads\\\/2020\\\/11\\\/bildwechsler_7.jpg&quot;},{&quot;id&quot;:296,&quot;url&quot;:&quot;https:\\\/\\\/hotelfilli.ch\\\/wp-content\\\/uploads\\\/2020\\\/11\\\/bildwechsler_8.jpg&quot;}],&quot;background_slideshow_transition_duration&quot;:1000,&quot;jet_parallax_layout_list&quot;:[{&quot;jet_parallax_layout_image&quot;:{&quot;url&quot;:&quot;&quot;,&quot;id&quot;:&quot;&quot;,&quot;size&quot;:&quot;&quot;},&quot;_id&quot;:&quot;5bf1d49&quot;,&quot;jet_parallax_layout_image_tablet&quot;:{&quot;url&quot;:&quot;&quot;,&quot;id&quot;:&quot;&quot;,&quot;size&quot;:&quot;&quot;},&quot;jet_parallax_layout_image_mobile&quot;:{&quot;url&quot;:&quot;&quot;,&quot;id&quot;:&quot;&quot;,&quot;size&quot;:&quot;&quot;},&quot;jet_parallax_layout_speed&quot;:{&quot;unit&quot;:&quot;%&quot;,&quot;size&quot;:50,&quot;sizes&quot;:[]},&quot;jet_parallax_layout_type&quot;:&quot;scroll&quot;,&quot;jet_parallax_layout_direction&quot;:null,&quot;jet_parallax_layout_fx_direction&quot;:null,&quot;jet_parallax_layout_z_index&quot;:&quot;&quot;,&quot;jet_parallax_layout_bg_x&quot;:50,&quot;jet_parallax_layout_bg_x_tablet&quot;:&quot;&quot;,&quot;jet_parallax_layout_bg_x_mobile&quot;:&quot;&quot;,&quot;jet_parallax_layout_bg_y&quot;:50,&quot;jet_parallax_layout_bg_y_tablet&quot;:&quot;&quot;,&quot;jet_parallax_layout_bg_y_mobile&quot;:&quot;&quot;,&quot;jet_parallax_layout_bg_size&quot;:&quot;auto&quot;,&quot;jet_parallax_layout_bg_size_tablet&quot;:&quot;&quot;,&quot;jet_parallax_layout_bg_size_mobile&quot;:&quot;&quot;,&quot;jet_parallax_layout_animation_prop&quot;:&quot;transform&quot;,&quot;jet_parallax_layout_on&quot;:[&quot;desktop&quot;,&quot;tablet&quot;]}],&quot;background_slideshow_loop&quot;:&quot;yes&quot;,&quot;background_slideshow_slide_duration&quot;:5000,&quot;background_slideshow_slide_transition&quot;:&quot;fade&quot;}\">\n\t\t\t\t\t\t<div class=\"elementor-container elementor-column-gap-default\">\n\t\t\t\t\t<div class=\"elementor-column elementor-col-100 elementor-top-column elementor-element elementor-element-342a2056\" data-id=\"342a2056\" data-element_type=\"column\">\n\t\t\t<div class=\"elementor-widget-wrap elementor-element-populated\">\n\t\t\t\t\t\t\t\t<section class=\"elementor-section elementor-inner-section elementor-element elementor-element-6ea7e86a elementor-section-full_width elementor-section-height-min-height elementor-section-height-default\" data-id=\"6ea7e86a\" data-element_type=\"section\" data-settings=\"{&quot;background_background&quot;:&quot;classic&quot;,&quot;jet_parallax_layout_list&quot;:[{&quot;jet_parallax_layout_image&quot;:{&quot;url&quot;:&quot;&quot;,&quot;id&quot;:&quot;&quot;,&quot;size&quot;:&quot;&quot;},&quot;_id&quot;:&quot;af2a7f8&quot;,&quot;jet_parallax_layout_image_tablet&quot;:{&quot;url&quot;:&quot;&quot;,&quot;id&quot;:&quot;&quot;,&quot;size&quot;:&quot;&quot;},&quot;jet_parallax_layout_image_mobile&quot;:{&quot;url&quot;:&quot;&quot;,&quot;id&quot;:&quot;&quot;,&quot;size&quot;:&quot;&quot;},&quot;jet_parallax_layout_speed&quot;:{&quot;unit&quot;:&quot;%&quot;,&quot;size&quot;:50,&quot;sizes&quot;:[]},&quot;jet_parallax_layout_type&quot;:&quot;scroll&quot;,&quot;jet_parallax_layout_direction&quot;:null,&quot;jet_parallax_layout_fx_direction&quot;:null,&quot;jet_parallax_layout_z_index&quot;:&quot;&quot;,&quot;jet_parallax_layout_bg_x&quot;:50,&quot;jet_parallax_layout_bg_x_tablet&quot;:&quot;&quot;,&quot;jet_parallax_layout_bg_x_mobile&quot;:&quot;&quot;,&quot;jet_parallax_layout_bg_y&quot;:50,&quot;jet_parallax_layout_bg_y_tablet&quot;:&quot;&quot;,&quot;jet_parallax_layout_bg_y_mobile&quot;:&quot;&quot;,&quot;jet_parallax_layout_bg_size&quot;:&quot;auto&quot;,&quot;jet_parallax_layout_bg_size_tablet&quot;:&quot;&quot;,&quot;jet_parallax_layout_bg_size_mobile&quot;:&quot;&quot;,&quot;jet_parallax_layout_animation_prop&quot;:&quot;transform&quot;,&quot;jet_parallax_layout_on&quot;:[&quot;desktop&quot;,&quot;tablet&quot;]}]}\">\n\t\t\t\t\t\t<div class=\"elementor-container elementor-column-gap-default\">\n\t\t\t\t\t<div class=\"elementor-column elementor-col-50 elementor-inner-column elementor-element elementor-element-1a88abae\" data-id=\"1a88abae\" data-element_type=\"column\">\n\t\t\t<div class=\"elementor-widget-wrap elementor-element-populated\">\n\t\t\t\t\t\t\t\t<div class=\"elementor-element elementor-element-1c054703 elementor-widget elementor-widget-heading\" data-id=\"1c054703\" data-element_type=\"widget\" data-widget_type=\"heading.default\">\n\t\t\t\t<div class=\"elementor-widget-container\">\n\t\t\t<h2 class=\"elementor-heading-title elementor-size-default\">AGB<\/h2>\t\t<\/div>\n\t\t\t\t<\/div>\n\t\t\t\t<div class=\"elementor-element elementor-element-4509509a elementor-widget elementor-widget-heading\" data-id=\"4509509a\" data-element_type=\"widget\" data-widget_type=\"heading.default\">\n\t\t\t\t<div class=\"elementor-widget-container\">\n\t\t\t<h2 class=\"elementor-heading-title elementor-size-default\">Die Allgemeinen Gesch\u00e4ftsbedingungen<\/h2>\t\t<\/div>\n\t\t\t\t<\/div>\n\t\t\t\t\t<\/div>\n\t\t<\/div>\n\t\t\t\t<div class=\"elementor-column elementor-col-50 elementor-inner-column elementor-element elementor-element-2127c60e\" data-id=\"2127c60e\" data-element_type=\"column\">\n\t\t\t<div class=\"elementor-widget-wrap elementor-element-populated\">\n\t\t\t\t\t\t\t\t<div class=\"elementor-element elementor-element-482d1596 elementor-widget elementor-widget-image\" data-id=\"482d1596\" data-element_type=\"widget\" data-widget_type=\"image.default\">\n\t\t\t\t<div class=\"elementor-widget-container\">\n\t\t\t\t\t\t\t\t\t\t\t\t\t\t\t<img loading=\"lazy\" decoding=\"async\" width=\"602\" height=\"264\" src=\"https:\/\/hotelfilli.ch\/wp-content\/uploads\/2020\/11\/hotel_alca_filli_logo_weiss_def_def.svg\" class=\"attachment-large size-large wp-image-340\" alt=\"\" \/>\t\t\t\t\t\t\t\t\t\t\t\t\t\t\t<\/div>\n\t\t\t\t<\/div>\n\t\t\t\t\t<\/div>\n\t\t<\/div>\n\t\t\t\t\t\t\t<\/div>\n\t\t<\/section>\n\t\t\t\t\t<\/div>\n\t\t<\/div>\n\t\t\t\t\t\t\t<\/div>\n\t\t<\/section>\n\t\t\t\t<section class=\"elementor-section elementor-top-section elementor-element elementor-element-2f11d52 elementor-section-boxed elementor-section-height-default elementor-section-height-default\" data-id=\"2f11d52\" data-element_type=\"section\" data-settings=\"{&quot;jet_parallax_layout_list&quot;:[{&quot;jet_parallax_layout_image&quot;:{&quot;url&quot;:&quot;&quot;,&quot;id&quot;:&quot;&quot;,&quot;size&quot;:&quot;&quot;},&quot;_id&quot;:&quot;e8d4801&quot;,&quot;jet_parallax_layout_image_tablet&quot;:{&quot;url&quot;:&quot;&quot;,&quot;id&quot;:&quot;&quot;,&quot;size&quot;:&quot;&quot;},&quot;jet_parallax_layout_image_mobile&quot;:{&quot;url&quot;:&quot;&quot;,&quot;id&quot;:&quot;&quot;,&quot;size&quot;:&quot;&quot;},&quot;jet_parallax_layout_speed&quot;:{&quot;unit&quot;:&quot;%&quot;,&quot;size&quot;:50,&quot;sizes&quot;:[]},&quot;jet_parallax_layout_type&quot;:&quot;scroll&quot;,&quot;jet_parallax_layout_direction&quot;:null,&quot;jet_parallax_layout_fx_direction&quot;:null,&quot;jet_parallax_layout_z_index&quot;:&quot;&quot;,&quot;jet_parallax_layout_bg_x&quot;:50,&quot;jet_parallax_layout_bg_x_tablet&quot;:&quot;&quot;,&quot;jet_parallax_layout_bg_x_mobile&quot;:&quot;&quot;,&quot;jet_parallax_layout_bg_y&quot;:50,&quot;jet_parallax_layout_bg_y_tablet&quot;:&quot;&quot;,&quot;jet_parallax_layout_bg_y_mobile&quot;:&quot;&quot;,&quot;jet_parallax_layout_bg_size&quot;:&quot;auto&quot;,&quot;jet_parallax_layout_bg_size_tablet&quot;:&quot;&quot;,&quot;jet_parallax_layout_bg_size_mobile&quot;:&quot;&quot;,&quot;jet_parallax_layout_animation_prop&quot;:&quot;transform&quot;,&quot;jet_parallax_layout_on&quot;:[&quot;desktop&quot;,&quot;tablet&quot;]}]}\">\n\t\t\t\t\t\t<div class=\"elementor-container elementor-column-gap-default\">\n\t\t\t\t\t<div class=\"elementor-column elementor-col-100 elementor-top-column elementor-element elementor-element-bcedc4f\" data-id=\"bcedc4f\" data-element_type=\"column\">\n\t\t\t<div class=\"elementor-widget-wrap elementor-element-populated\">\n\t\t\t\t\t\t\t\t<div class=\"elementor-element elementor-element-36ec28e elementor-widget elementor-widget-text-editor\" data-id=\"36ec28e\" data-element_type=\"widget\" data-widget_type=\"text-editor.default\">\n\t\t\t\t<div class=\"elementor-widget-container\">\n\t\t\t\t\t\t\t<p>Allgemeine Gesch\u00e4ftsbedingungen<br \/>Hotel Acla Filli, R\u00f6ven 61, CH-7530 Zernez<\/p><p>1. Geltungsbereich<br \/>Diese AGB finden auf s\u00e4mtliche Rechtsbeziehungen zwischen dem Gast und dem Hotel Anwendung.<br \/><br \/>2. Vertragsschluss<br \/>Mit der Entgegennahme der schriftlichen, telefonischen, elektronischen oder pers\u00f6nlichen Buchung und der Zustellung der Buchungsbest\u00e4tigung kommt ein Vertrag zwischen dem Gast und dem Hotel zustande. Die vorliegenden allgemeinen Gesch\u00e4ftsbedingungen sind Bestandteil dieses Vertrages. Mitteilungen per E-Mail gelten als schriftlich erfolgt.<br \/><br \/>3. Nutzungsdauer<br \/>Die Hotelzimmer stehen ab 14 Uhr des Anreisetages und bis 10 Uhr des Abreisetages zur Verf\u00fcgung. Bei einer versp\u00e4teten Freigabe des Zimmers durch den Gast ab 12.00 Uhr kann das Hotel f\u00fcr die vertrags\u00fcberschreitende Nutzung CHF 50 in Rechnung stellen, ab 18.00 Uhr wird eine zus\u00e4tzliche Nacht berechnet. Bei einer Anreise nach 18 Uhr, kann das Hotel eine Geb\u00fchr von CHF 50 erheben.<br \/><br \/>4. Preisangaben<br \/>Wenn nicht anders vermerkt, sind alle Preise in Schweizer Franken (CHF) und verstehen sich inklusive der gesetzlich vorgeschriebenen MwSt. Die angegebenen Preise gelten vorbeh\u00e4ltlich Preis\u00e4nderungen.<br \/><br \/>5. Preis\u00e4nderungen<br \/>In den folgenden F\u00e4llen kann das Hotel die ausgeschriebenen Preise \u00e4ndern:<br \/>&#8211; neu eingef\u00fchrte oder erh\u00f6hte staatliche Abgaben (z. B. Mehrwertsteuer, Kurtaxen, usw.)<br \/>&#8211; Wechselkurs\u00e4nderungen (wird gem\u00e4ss dem aktuellen Kurs des Hotels umgerechnet)<br \/>&#8211; eindeutig erkl\u00e4rbare Druckfehler<br \/><br \/>6. Zahlungsmodalit\u00e4ten<br \/>Das Hotel ist berechtigt, im Umfang der Reservation ganz oder teilweise Vorauszahlung zu verlangen, insbesondere bei Buchungen mit ausl\u00e4ndischer Rechnungsadresse oder bei hoher Auftragssumme. Das Hotel setzt in der Rechnung die Zahlungsfrist fest. Bei nicht fristgerechter Anzahlung kann das Hotel vom Vertrag (inkl. aller Leistungsversprechungen) unverz\u00fcglich (ohne Mahnung) zur\u00fccktreten und Annullierungskosten verlangen.<\/p><p>7. Annullierungen<br \/>Annullierungen sind nur g\u00fcltig, wenn diese schriftlich dem Hotel zugestellt werden.<br \/>&#8211; Annullierung bis sp\u00e4testens 8 Tage vor Anreise: keine Kosten<br \/>&#8211; Annullierung innert 7 Tagen oder weniger vor Anreise: 100 % des gebuchten Arrangements<\/p><p>8. Haftung<br \/>Das Hotel haftet f\u00fcr Sch\u00e4den nur in den F\u00e4llen von Absicht oder grober Fahrl\u00e4ssigkeit. F\u00fcr eingebrachte Sachen des Gastes wird die Haftung im gesetzlich zul\u00e4ssigen Umfang ausgeschlossen. Anspr\u00fcche m\u00fcssen umgehend, sp\u00e4testens 14 Tage nach Abreise, schriftlich beim Hotel geltend gemacht werden; anderen-falls gelten sie als verwirkt.<br \/><br \/>9. Datenschutz<br \/>Das Hotel verpflichtet sich, die jeweils anwendbare Datenschutzgesetzgebung bei der Handhabung und Bearbeitung s\u00e4mtlicher G\u00e4stedaten sowie der G\u00e4ste-Nutzungsdaten zu beachten. G\u00e4stedaten werden lediglich zur Maximierung der Betriebssicherheit oder im Interesse von Verkaufsf\u00f6rderung, Produktdesign, Verbrechensverh\u00fctung, Erhebung wirtschaftlicher Eckdaten und Statistiken sowie der Rechnungsstellung verwendet.<br \/><br \/>10. Anwendbares Recht und Gerichtsstand<br \/>F\u00fcr alle unter diesen AGB mit dem Hotel abgeschlossenen Vertr\u00e4ge ist aus-schliesslich schweizerisches Recht anwendbar.<\/p>\t\t\t\t\t\t<\/div>\n\t\t\t\t<\/div>\n\t\t\t\t\t<\/div>\n\t\t<\/div>\n\t\t\t\t\t\t\t<\/div>\n\t\t<\/section>\n\t\t\t\t\t\t\t<\/div>","protected":false},"excerpt":{"rendered":"<p>Die Allgemeinen Gesch\u00e4ftsbedingungen Allgemeine Gesch\u00e4ftsbedingungenHotel Acla Filli, R\u00f6ven 61, CH-7530 Zernez 1. GeltungsbereichDiese AGB finden auf s\u00e4mtliche Rechtsbeziehungen zwischen dem Gast und dem Hotel Anwendung. 2. VertragsschlussMit der Entgegennahme der schriftlichen, telefonischen, elektronischen oder pers\u00f6nlichen Buchung und der Zustellung der Buchungsbest\u00e4tigung kommt ein Vertrag zwischen dem Gast und dem Hotel zustande. Die vorliegenden allgemeinen Gesch\u00e4ftsbedingungen [&hellip;]<\/p>","protected":false},"author":1,"featured_media":0,"parent":0,"menu_order":0,"comment_status":"closed","ping_status":"closed","template":"","meta":{"footnotes":""},"class_list":["post-1323","page","type-page","status-publish","hentry"],"_links":{"self":[{"href":"https:\/\/hotelfilli.ch\/romansch\/wp-json\/wp\/v2\/pages\/1323","targetHints":{"allow":["GET"]}}],"collection":[{"href":"https:\/\/hotelfilli.ch\/romansch\/wp-json\/wp\/v2\/pages"}],"about":[{"href":"https:\/\/hotelfilli.ch\/romansch\/wp-json\/wp\/v2\/types\/page"}],"author":[{"embeddable":true,"href":"https:\/\/hotelfilli.ch\/romansch\/wp-json\/wp\/v2\/users\/1"}],"replies":[{"embeddable":true,"href":"https:\/\/hotelfilli.ch\/romansch\/wp-json\/wp\/v2\/comments?post=1323"}],"version-history":[{"count":4,"href":"https:\/\/hotelfilli.ch\/romansch\/wp-json\/wp\/v2\/pages\/1323\/revisions"}],"predecessor-version":[{"id":1546,"href":"https:\/\/hotelfilli.ch\/romansch\/wp-json\/wp\/v2\/pages\/1323\/revisions\/1546"}],"wp:attachment":[{"href":"https:\/\/hotelfilli.ch\/romansch\/wp-json\/wp\/v2\/media?parent=1323"}],"curies":[{"name":"wp","href":"https:\/\/api.w.org\/{rel}","templated":true}]}}