{"id":1329,"date":"2020-12-09T10:10:41","date_gmt":"2020-12-09T10:10:41","guid":{"rendered":"https:\/\/hotelfilli.ch.webseitenplaner.ch\/?page_id=1329"},"modified":"2023-05-08T14:31:30","modified_gmt":"2023-05-08T14:31:30","slug":"impressum","status":"publish","type":"page","link":"https:\/\/hotelfilli.ch\/it\/impressum\/","title":{"rendered":"Impronta"},"content":{"rendered":"<div data-elementor-type=\"wp-page\" data-elementor-id=\"1329\" class=\"elementor elementor-1329\" data-elementor-post-type=\"page\">\n\t\t\t\t\t\t\t\t\t<section class=\"elementor-section elementor-top-section elementor-element elementor-element-4af2867e elementor-section-full_width elementor-section-height-min-height elementor-section-items-bottom elementor-section-height-default\" data-id=\"4af2867e\" data-element_type=\"section\" data-settings=\"{&quot;background_background&quot;:&quot;slideshow&quot;,&quot;background_slideshow_gallery&quot;:[{&quot;id&quot;:289,&quot;url&quot;:&quot;https:\\\/\\\/hotelfilli.ch\\\/wp-content\\\/uploads\\\/2020\\\/11\\\/bildwechsler_1.jpg&quot;},{&quot;id&quot;:290,&quot;url&quot;:&quot;https:\\\/\\\/hotelfilli.ch\\\/wp-content\\\/uploads\\\/2020\\\/11\\\/bildwechsler_2.jpg&quot;},{&quot;id&quot;:291,&quot;url&quot;:&quot;https:\\\/\\\/hotelfilli.ch\\\/wp-content\\\/uploads\\\/2020\\\/11\\\/bildwechsler_3.jpg&quot;},{&quot;id&quot;:292,&quot;url&quot;:&quot;https:\\\/\\\/hotelfilli.ch\\\/wp-content\\\/uploads\\\/2020\\\/11\\\/bildwechsler_4.jpg&quot;},{&quot;id&quot;:293,&quot;url&quot;:&quot;https:\\\/\\\/hotelfilli.ch\\\/wp-content\\\/uploads\\\/2020\\\/11\\\/bildwechsler_5.jpg&quot;},{&quot;id&quot;:294,&quot;url&quot;:&quot;https:\\\/\\\/hotelfilli.ch\\\/wp-content\\\/uploads\\\/2020\\\/11\\\/bildwechsler_6.jpg&quot;},{&quot;id&quot;:295,&quot;url&quot;:&quot;https:\\\/\\\/hotelfilli.ch\\\/wp-content\\\/uploads\\\/2020\\\/11\\\/bildwechsler_7.jpg&quot;},{&quot;id&quot;:296,&quot;url&quot;:&quot;https:\\\/\\\/hotelfilli.ch\\\/wp-content\\\/uploads\\\/2020\\\/11\\\/bildwechsler_8.jpg&quot;}],&quot;background_slideshow_transition_duration&quot;:1000,&quot;jet_parallax_layout_list&quot;:[{&quot;jet_parallax_layout_image&quot;:{&quot;url&quot;:&quot;&quot;,&quot;id&quot;:&quot;&quot;,&quot;size&quot;:&quot;&quot;},&quot;_id&quot;:&quot;5bf1d49&quot;,&quot;jet_parallax_layout_image_tablet&quot;:{&quot;url&quot;:&quot;&quot;,&quot;id&quot;:&quot;&quot;,&quot;size&quot;:&quot;&quot;},&quot;jet_parallax_layout_image_mobile&quot;:{&quot;url&quot;:&quot;&quot;,&quot;id&quot;:&quot;&quot;,&quot;size&quot;:&quot;&quot;},&quot;jet_parallax_layout_speed&quot;:{&quot;unit&quot;:&quot;%&quot;,&quot;size&quot;:50,&quot;sizes&quot;:[]},&quot;jet_parallax_layout_type&quot;:&quot;scroll&quot;,&quot;jet_parallax_layout_direction&quot;:null,&quot;jet_parallax_layout_fx_direction&quot;:null,&quot;jet_parallax_layout_z_index&quot;:&quot;&quot;,&quot;jet_parallax_layout_bg_x&quot;:50,&quot;jet_parallax_layout_bg_x_tablet&quot;:&quot;&quot;,&quot;jet_parallax_layout_bg_x_mobile&quot;:&quot;&quot;,&quot;jet_parallax_layout_bg_y&quot;:50,&quot;jet_parallax_layout_bg_y_tablet&quot;:&quot;&quot;,&quot;jet_parallax_layout_bg_y_mobile&quot;:&quot;&quot;,&quot;jet_parallax_layout_bg_size&quot;:&quot;auto&quot;,&quot;jet_parallax_layout_bg_size_tablet&quot;:&quot;&quot;,&quot;jet_parallax_layout_bg_size_mobile&quot;:&quot;&quot;,&quot;jet_parallax_layout_animation_prop&quot;:&quot;transform&quot;,&quot;jet_parallax_layout_on&quot;:[&quot;desktop&quot;,&quot;tablet&quot;]}],&quot;background_slideshow_loop&quot;:&quot;yes&quot;,&quot;background_slideshow_slide_duration&quot;:5000,&quot;background_slideshow_slide_transition&quot;:&quot;fade&quot;}\">\n\t\t\t\t\t\t<div class=\"elementor-container elementor-column-gap-default\">\n\t\t\t\t\t<div class=\"elementor-column elementor-col-100 elementor-top-column elementor-element elementor-element-1cda94ca\" data-id=\"1cda94ca\" data-element_type=\"column\">\n\t\t\t<div class=\"elementor-widget-wrap elementor-element-populated\">\n\t\t\t\t\t\t\t\t<section class=\"elementor-section elementor-inner-section elementor-element elementor-element-6e0f7597 elementor-section-full_width elementor-section-height-min-height elementor-section-height-default\" data-id=\"6e0f7597\" data-element_type=\"section\" data-settings=\"{&quot;background_background&quot;:&quot;classic&quot;,&quot;jet_parallax_layout_list&quot;:[{&quot;jet_parallax_layout_image&quot;:{&quot;url&quot;:&quot;&quot;,&quot;id&quot;:&quot;&quot;,&quot;size&quot;:&quot;&quot;},&quot;_id&quot;:&quot;af2a7f8&quot;,&quot;jet_parallax_layout_image_tablet&quot;:{&quot;url&quot;:&quot;&quot;,&quot;id&quot;:&quot;&quot;,&quot;size&quot;:&quot;&quot;},&quot;jet_parallax_layout_image_mobile&quot;:{&quot;url&quot;:&quot;&quot;,&quot;id&quot;:&quot;&quot;,&quot;size&quot;:&quot;&quot;},&quot;jet_parallax_layout_speed&quot;:{&quot;unit&quot;:&quot;%&quot;,&quot;size&quot;:50,&quot;sizes&quot;:[]},&quot;jet_parallax_layout_type&quot;:&quot;scroll&quot;,&quot;jet_parallax_layout_direction&quot;:null,&quot;jet_parallax_layout_fx_direction&quot;:null,&quot;jet_parallax_layout_z_index&quot;:&quot;&quot;,&quot;jet_parallax_layout_bg_x&quot;:50,&quot;jet_parallax_layout_bg_x_tablet&quot;:&quot;&quot;,&quot;jet_parallax_layout_bg_x_mobile&quot;:&quot;&quot;,&quot;jet_parallax_layout_bg_y&quot;:50,&quot;jet_parallax_layout_bg_y_tablet&quot;:&quot;&quot;,&quot;jet_parallax_layout_bg_y_mobile&quot;:&quot;&quot;,&quot;jet_parallax_layout_bg_size&quot;:&quot;auto&quot;,&quot;jet_parallax_layout_bg_size_tablet&quot;:&quot;&quot;,&quot;jet_parallax_layout_bg_size_mobile&quot;:&quot;&quot;,&quot;jet_parallax_layout_animation_prop&quot;:&quot;transform&quot;,&quot;jet_parallax_layout_on&quot;:[&quot;desktop&quot;,&quot;tablet&quot;]}]}\">\n\t\t\t\t\t\t<div class=\"elementor-container elementor-column-gap-default\">\n\t\t\t\t\t<div class=\"elementor-column elementor-col-50 elementor-inner-column elementor-element elementor-element-23a2e51f\" data-id=\"23a2e51f\" data-element_type=\"column\">\n\t\t\t<div class=\"elementor-widget-wrap elementor-element-populated\">\n\t\t\t\t\t\t\t\t<div class=\"elementor-element elementor-element-3431bf90 elementor-widget elementor-widget-heading\" data-id=\"3431bf90\" data-element_type=\"widget\" data-widget_type=\"heading.default\">\n\t\t\t\t<div class=\"elementor-widget-container\">\n\t\t\t<h2 class=\"elementor-heading-title elementor-size-default\">Impronta<\/h2>\t\t<\/div>\n\t\t\t\t<\/div>\n\t\t\t\t<div class=\"elementor-element elementor-element-121c957b elementor-widget elementor-widget-heading\" data-id=\"121c957b\" data-element_type=\"widget\" data-widget_type=\"heading.default\">\n\t\t\t\t<div class=\"elementor-widget-container\">\n\t\t\t<h2 class=\"elementor-heading-title elementor-size-default\">Avviso legale di pubblicazione<\/h2>\t\t<\/div>\n\t\t\t\t<\/div>\n\t\t\t\t\t<\/div>\n\t\t<\/div>\n\t\t\t\t<div class=\"elementor-column elementor-col-50 elementor-inner-column elementor-element elementor-element-24da546b\" data-id=\"24da546b\" data-element_type=\"column\">\n\t\t\t<div class=\"elementor-widget-wrap elementor-element-populated\">\n\t\t\t\t\t\t\t\t<div class=\"elementor-element elementor-element-7010820a elementor-widget elementor-widget-image\" data-id=\"7010820a\" data-element_type=\"widget\" data-widget_type=\"image.default\">\n\t\t\t\t<div class=\"elementor-widget-container\">\n\t\t\t\t\t\t\t\t\t\t\t\t\t\t\t<img loading=\"lazy\" decoding=\"async\" width=\"602\" height=\"264\" src=\"https:\/\/hotelfilli.ch\/wp-content\/uploads\/2020\/11\/hotel_alca_filli_logo_weiss_def_def.svg\" class=\"attachment-large size-large wp-image-340\" alt=\"\" \/>\t\t\t\t\t\t\t\t\t\t\t\t\t\t\t<\/div>\n\t\t\t\t<\/div>\n\t\t\t\t\t<\/div>\n\t\t<\/div>\n\t\t\t\t\t\t\t<\/div>\n\t\t<\/section>\n\t\t\t\t\t<\/div>\n\t\t<\/div>\n\t\t\t\t\t\t\t<\/div>\n\t\t<\/section>\n\t\t\t\t<section class=\"elementor-section elementor-top-section elementor-element elementor-element-684267e6 elementor-section-boxed elementor-section-height-default elementor-section-height-default\" data-id=\"684267e6\" data-element_type=\"section\" data-settings=\"{&quot;jet_parallax_layout_list&quot;:[{&quot;jet_parallax_layout_image&quot;:{&quot;url&quot;:&quot;&quot;,&quot;id&quot;:&quot;&quot;,&quot;size&quot;:&quot;&quot;},&quot;_id&quot;:&quot;e8d4801&quot;,&quot;jet_parallax_layout_image_tablet&quot;:{&quot;url&quot;:&quot;&quot;,&quot;id&quot;:&quot;&quot;,&quot;size&quot;:&quot;&quot;},&quot;jet_parallax_layout_image_mobile&quot;:{&quot;url&quot;:&quot;&quot;,&quot;id&quot;:&quot;&quot;,&quot;size&quot;:&quot;&quot;},&quot;jet_parallax_layout_speed&quot;:{&quot;unit&quot;:&quot;%&quot;,&quot;size&quot;:50,&quot;sizes&quot;:[]},&quot;jet_parallax_layout_type&quot;:&quot;scroll&quot;,&quot;jet_parallax_layout_direction&quot;:null,&quot;jet_parallax_layout_fx_direction&quot;:null,&quot;jet_parallax_layout_z_index&quot;:&quot;&quot;,&quot;jet_parallax_layout_bg_x&quot;:50,&quot;jet_parallax_layout_bg_x_tablet&quot;:&quot;&quot;,&quot;jet_parallax_layout_bg_x_mobile&quot;:&quot;&quot;,&quot;jet_parallax_layout_bg_y&quot;:50,&quot;jet_parallax_layout_bg_y_tablet&quot;:&quot;&quot;,&quot;jet_parallax_layout_bg_y_mobile&quot;:&quot;&quot;,&quot;jet_parallax_layout_bg_size&quot;:&quot;auto&quot;,&quot;jet_parallax_layout_bg_size_tablet&quot;:&quot;&quot;,&quot;jet_parallax_layout_bg_size_mobile&quot;:&quot;&quot;,&quot;jet_parallax_layout_animation_prop&quot;:&quot;transform&quot;,&quot;jet_parallax_layout_on&quot;:[&quot;desktop&quot;,&quot;tablet&quot;]}]}\">\n\t\t\t\t\t\t<div class=\"elementor-container elementor-column-gap-default\">\n\t\t\t\t\t<div class=\"elementor-column elementor-col-100 elementor-top-column elementor-element elementor-element-7505569c\" data-id=\"7505569c\" data-element_type=\"column\">\n\t\t\t<div class=\"elementor-widget-wrap elementor-element-populated\">\n\t\t\t\t\t\t\t\t<div class=\"elementor-element elementor-element-41a8a3cc elementor-widget elementor-widget-text-editor\" data-id=\"41a8a3cc\" data-element_type=\"widget\" data-widget_type=\"text-editor.default\">\n\t\t\t\t<div class=\"elementor-widget-container\">\n\t\t\t\t\t\t\t<p><strong>Indirizzo di contatto<\/strong><\/p>\n<p>AGBD Gastro GmbH<br>Albergo Acla Filli<br>R\u00f6ven 61<\/p>\n<p>7530 Zernez<\/p>\n<p>E-mail:<br>info@hotelfilli.ch<\/p>\n<p><strong>Rappresentante(i) autorizzato(i)<\/strong><\/p>\n<p>Satki Ziberi<\/p>\n<p><strong>Iscrizione al registro di commercio<\/strong><\/p>\n<p>Nome della societ\u00e0 registrata: AGBD Gastro GmbH Numero di registro commerciale: CH-350-4005494-6<\/p>\n<p><strong>Partita IVA<\/strong><br>CHE-275.737.545<\/p>\n<p><strong>Disclaimer<\/strong><\/p>\n<p>L'autore non si assume alcuna responsabilit\u00e0 per la correttezza, l'accuratezza, la tempestivit\u00e0, l'affidabilit\u00e0 e la completezza delle informazioni.<\/p>\n<p>Le richieste di risarcimento per danni causati dall'uso di qualsiasi informazione fornita, incluso qualsiasi tipo di informazione incompleta o non corretta, saranno pertanto respinte.<\/p>\n<p>Tutte le offerte non sono vincolanti. L'autore si riserva espressamente il diritto di modificare, integrare o cancellare parti delle pagine o l'intera offerta senza preavviso o di interrompere temporaneamente o definitivamente la pubblicazione.<\/p>\n<p><strong>Esclusione di responsabilit\u00e0 per i link<\/strong><\/p>\n<p>I riferimenti e i link a siti web di terzi sono al di fuori della nostra area di responsabilit\u00e0. Si declina ogni responsabilit\u00e0 per tali siti web. L'accesso e l'utilizzo di tali siti web avviene a rischio e pericolo del rispettivo utente.<\/p>\n<p><strong>Copyright<\/strong><\/p>\n<p>Il copyright e tutti gli altri diritti sui contenuti, immagini, foto o altri file di questo sito web appartengono esclusivamente a <strong>di AGBD Gastro GmbH<\/strong> o i titolari dei diritti d'autore specificamente nominati. Il consenso scritto del titolare del copyright deve essere ottenuto in anticipo per la riproduzione di qualsiasi elemento.<\/p>\n<p><!--ACHTUNG: Wenn Sie die Quelle ohne Erlaubnis von SwissAnwalt entfernen, dann begehen Sie eine Urheberrechtsverletzung welche in jedem Fall geahndet wird.--><br>Fonte: <a href=\"https:\/\/www.swissanwalt.ch\" target=\"_blank\" rel=\"noopener\">SwissAnwal<\/a><!--Bitte beachten Sie die AGB von SwissAnwalt betreffend allf\u00e4llig anfallenden Kosten bei Weglassen der Quelle!--><\/p>\t\t\t\t\t\t<\/div>\n\t\t\t\t<\/div>\n\t\t\t\t\t<\/div>\n\t\t<\/div>\n\t\t\t\t\t\t\t<\/div>\n\t\t<\/section>\n\t\t\t\t\t\t\t<\/div>","protected":false},"excerpt":{"rendered":"<p>Note legali Indirizzo di contatto AGBD Gastro GmbHHotel Acla FilliR\u00f6ven 61 7530 Zernez E-Mail:info@hotelfilli.ch Rappresentante\/i autorizzato\/i Satki Ziberi Iscrizione al registro delle imprese Nome della societ\u00e0 registrata: AGBD Gastro GmbH Numero di registro delle imprese: CH-350-4005494-6 Numero di partita IVACHE-275.737.545 Esclusione di responsabilit\u00e0 L'autore non si assume alcuna responsabilit\u00e0 per la correttezza, l'esattezza, l'attualit\u00e0, l'affidabilit\u00e0 o la completezza delle informazioni fornite. Le richieste di responsabilit\u00e0 nei confronti dell'autore per danni di natura materiale o immateriale derivanti [...]<\/p>","protected":false},"author":1,"featured_media":0,"parent":0,"menu_order":0,"comment_status":"closed","ping_status":"closed","template":"","meta":{"footnotes":""},"class_list":["post-1329","page","type-page","status-publish","hentry"],"_links":{"self":[{"href":"https:\/\/hotelfilli.ch\/it\/wp-json\/wp\/v2\/pages\/1329","targetHints":{"allow":["GET"]}}],"collection":[{"href":"https:\/\/hotelfilli.ch\/it\/wp-json\/wp\/v2\/pages"}],"about":[{"href":"https:\/\/hotelfilli.ch\/it\/wp-json\/wp\/v2\/types\/page"}],"author":[{"embeddable":true,"href":"https:\/\/hotelfilli.ch\/it\/wp-json\/wp\/v2\/users\/1"}],"replies":[{"embeddable":true,"href":"https:\/\/hotelfilli.ch\/it\/wp-json\/wp\/v2\/comments?post=1329"}],"version-history":[{"count":19,"href":"https:\/\/hotelfilli.ch\/it\/wp-json\/wp\/v2\/pages\/1329\/revisions"}],"predecessor-version":[{"id":1825,"href":"https:\/\/hotelfilli.ch\/it\/wp-json\/wp\/v2\/pages\/1329\/revisions\/1825"}],"wp:attachment":[{"href":"https:\/\/hotelfilli.ch\/it\/wp-json\/wp\/v2\/media?parent=1329"}],"curies":[{"name":"wp","href":"https:\/\/api.w.org\/{rel}","templated":true}]}}