{"id":1323,"date":"2020-12-09T09:59:27","date_gmt":"2020-12-09T09:59:27","guid":{"rendered":"https:\/\/hotelfilli.ch.webseitenplaner.ch\/?page_id=1323"},"modified":"2021-05-24T17:21:23","modified_gmt":"2021-05-24T17:21:23","slug":"agb","status":"publish","type":"page","link":"https:\/\/hotelfilli.ch\/it\/agb\/","title":{"rendered":"CONDIZIONI GENERALI DI CONTRATTO"},"content":{"rendered":"<div data-elementor-type=\"wp-page\" data-elementor-id=\"1323\" class=\"elementor elementor-1323\" data-elementor-post-type=\"page\">\n\t\t\t\t\t\t\t\t\t<section class=\"elementor-section elementor-top-section elementor-element elementor-element-3eef9503 elementor-section-full_width elementor-section-height-min-height elementor-section-items-bottom elementor-section-height-default\" data-id=\"3eef9503\" data-element_type=\"section\" data-settings=\"{&quot;background_background&quot;:&quot;slideshow&quot;,&quot;background_slideshow_gallery&quot;:[{&quot;id&quot;:289,&quot;url&quot;:&quot;https:\\\/\\\/hotelfilli.ch\\\/wp-content\\\/uploads\\\/2020\\\/11\\\/bildwechsler_1.jpg&quot;},{&quot;id&quot;:290,&quot;url&quot;:&quot;https:\\\/\\\/hotelfilli.ch\\\/wp-content\\\/uploads\\\/2020\\\/11\\\/bildwechsler_2.jpg&quot;},{&quot;id&quot;:291,&quot;url&quot;:&quot;https:\\\/\\\/hotelfilli.ch\\\/wp-content\\\/uploads\\\/2020\\\/11\\\/bildwechsler_3.jpg&quot;},{&quot;id&quot;:292,&quot;url&quot;:&quot;https:\\\/\\\/hotelfilli.ch\\\/wp-content\\\/uploads\\\/2020\\\/11\\\/bildwechsler_4.jpg&quot;},{&quot;id&quot;:293,&quot;url&quot;:&quot;https:\\\/\\\/hotelfilli.ch\\\/wp-content\\\/uploads\\\/2020\\\/11\\\/bildwechsler_5.jpg&quot;},{&quot;id&quot;:294,&quot;url&quot;:&quot;https:\\\/\\\/hotelfilli.ch\\\/wp-content\\\/uploads\\\/2020\\\/11\\\/bildwechsler_6.jpg&quot;},{&quot;id&quot;:295,&quot;url&quot;:&quot;https:\\\/\\\/hotelfilli.ch\\\/wp-content\\\/uploads\\\/2020\\\/11\\\/bildwechsler_7.jpg&quot;},{&quot;id&quot;:296,&quot;url&quot;:&quot;https:\\\/\\\/hotelfilli.ch\\\/wp-content\\\/uploads\\\/2020\\\/11\\\/bildwechsler_8.jpg&quot;}],&quot;background_slideshow_transition_duration&quot;:1000,&quot;jet_parallax_layout_list&quot;:[{&quot;jet_parallax_layout_image&quot;:{&quot;url&quot;:&quot;&quot;,&quot;id&quot;:&quot;&quot;,&quot;size&quot;:&quot;&quot;},&quot;_id&quot;:&quot;5bf1d49&quot;,&quot;jet_parallax_layout_image_tablet&quot;:{&quot;url&quot;:&quot;&quot;,&quot;id&quot;:&quot;&quot;,&quot;size&quot;:&quot;&quot;},&quot;jet_parallax_layout_image_mobile&quot;:{&quot;url&quot;:&quot;&quot;,&quot;id&quot;:&quot;&quot;,&quot;size&quot;:&quot;&quot;},&quot;jet_parallax_layout_speed&quot;:{&quot;unit&quot;:&quot;%&quot;,&quot;size&quot;:50,&quot;sizes&quot;:[]},&quot;jet_parallax_layout_type&quot;:&quot;scroll&quot;,&quot;jet_parallax_layout_direction&quot;:null,&quot;jet_parallax_layout_fx_direction&quot;:null,&quot;jet_parallax_layout_z_index&quot;:&quot;&quot;,&quot;jet_parallax_layout_bg_x&quot;:50,&quot;jet_parallax_layout_bg_x_tablet&quot;:&quot;&quot;,&quot;jet_parallax_layout_bg_x_mobile&quot;:&quot;&quot;,&quot;jet_parallax_layout_bg_y&quot;:50,&quot;jet_parallax_layout_bg_y_tablet&quot;:&quot;&quot;,&quot;jet_parallax_layout_bg_y_mobile&quot;:&quot;&quot;,&quot;jet_parallax_layout_bg_size&quot;:&quot;auto&quot;,&quot;jet_parallax_layout_bg_size_tablet&quot;:&quot;&quot;,&quot;jet_parallax_layout_bg_size_mobile&quot;:&quot;&quot;,&quot;jet_parallax_layout_animation_prop&quot;:&quot;transform&quot;,&quot;jet_parallax_layout_on&quot;:[&quot;desktop&quot;,&quot;tablet&quot;]}],&quot;background_slideshow_loop&quot;:&quot;yes&quot;,&quot;background_slideshow_slide_duration&quot;:5000,&quot;background_slideshow_slide_transition&quot;:&quot;fade&quot;}\">\n\t\t\t\t\t\t<div class=\"elementor-container elementor-column-gap-default\">\n\t\t\t\t\t<div class=\"elementor-column elementor-col-100 elementor-top-column elementor-element elementor-element-342a2056\" data-id=\"342a2056\" data-element_type=\"column\">\n\t\t\t<div class=\"elementor-widget-wrap elementor-element-populated\">\n\t\t\t\t\t\t\t\t<section class=\"elementor-section elementor-inner-section elementor-element elementor-element-6ea7e86a elementor-section-full_width elementor-section-height-min-height elementor-section-height-default\" data-id=\"6ea7e86a\" data-element_type=\"section\" data-settings=\"{&quot;background_background&quot;:&quot;classic&quot;,&quot;jet_parallax_layout_list&quot;:[{&quot;jet_parallax_layout_image&quot;:{&quot;url&quot;:&quot;&quot;,&quot;id&quot;:&quot;&quot;,&quot;size&quot;:&quot;&quot;},&quot;_id&quot;:&quot;af2a7f8&quot;,&quot;jet_parallax_layout_image_tablet&quot;:{&quot;url&quot;:&quot;&quot;,&quot;id&quot;:&quot;&quot;,&quot;size&quot;:&quot;&quot;},&quot;jet_parallax_layout_image_mobile&quot;:{&quot;url&quot;:&quot;&quot;,&quot;id&quot;:&quot;&quot;,&quot;size&quot;:&quot;&quot;},&quot;jet_parallax_layout_speed&quot;:{&quot;unit&quot;:&quot;%&quot;,&quot;size&quot;:50,&quot;sizes&quot;:[]},&quot;jet_parallax_layout_type&quot;:&quot;scroll&quot;,&quot;jet_parallax_layout_direction&quot;:null,&quot;jet_parallax_layout_fx_direction&quot;:null,&quot;jet_parallax_layout_z_index&quot;:&quot;&quot;,&quot;jet_parallax_layout_bg_x&quot;:50,&quot;jet_parallax_layout_bg_x_tablet&quot;:&quot;&quot;,&quot;jet_parallax_layout_bg_x_mobile&quot;:&quot;&quot;,&quot;jet_parallax_layout_bg_y&quot;:50,&quot;jet_parallax_layout_bg_y_tablet&quot;:&quot;&quot;,&quot;jet_parallax_layout_bg_y_mobile&quot;:&quot;&quot;,&quot;jet_parallax_layout_bg_size&quot;:&quot;auto&quot;,&quot;jet_parallax_layout_bg_size_tablet&quot;:&quot;&quot;,&quot;jet_parallax_layout_bg_size_mobile&quot;:&quot;&quot;,&quot;jet_parallax_layout_animation_prop&quot;:&quot;transform&quot;,&quot;jet_parallax_layout_on&quot;:[&quot;desktop&quot;,&quot;tablet&quot;]}]}\">\n\t\t\t\t\t\t<div class=\"elementor-container elementor-column-gap-default\">\n\t\t\t\t\t<div class=\"elementor-column elementor-col-50 elementor-inner-column elementor-element elementor-element-1a88abae\" data-id=\"1a88abae\" data-element_type=\"column\">\n\t\t\t<div class=\"elementor-widget-wrap elementor-element-populated\">\n\t\t\t\t\t\t\t\t<div class=\"elementor-element elementor-element-1c054703 elementor-widget elementor-widget-heading\" data-id=\"1c054703\" data-element_type=\"widget\" data-widget_type=\"heading.default\">\n\t\t\t\t<div class=\"elementor-widget-container\">\n\t\t\t<h2 class=\"elementor-heading-title elementor-size-default\">CONDIZIONI GENERALI DI CONTRATTO<\/h2>\t\t<\/div>\n\t\t\t\t<\/div>\n\t\t\t\t<div class=\"elementor-element elementor-element-4509509a elementor-widget elementor-widget-heading\" data-id=\"4509509a\" data-element_type=\"widget\" data-widget_type=\"heading.default\">\n\t\t\t\t<div class=\"elementor-widget-container\">\n\t\t\t<h2 class=\"elementor-heading-title elementor-size-default\">Le condizioni generali di contratto<\/h2>\t\t<\/div>\n\t\t\t\t<\/div>\n\t\t\t\t\t<\/div>\n\t\t<\/div>\n\t\t\t\t<div class=\"elementor-column elementor-col-50 elementor-inner-column elementor-element elementor-element-2127c60e\" data-id=\"2127c60e\" data-element_type=\"column\">\n\t\t\t<div class=\"elementor-widget-wrap elementor-element-populated\">\n\t\t\t\t\t\t\t\t<div class=\"elementor-element elementor-element-482d1596 elementor-widget elementor-widget-image\" data-id=\"482d1596\" data-element_type=\"widget\" data-widget_type=\"image.default\">\n\t\t\t\t<div class=\"elementor-widget-container\">\n\t\t\t\t\t\t\t\t\t\t\t\t\t\t\t<img loading=\"lazy\" decoding=\"async\" width=\"602\" height=\"264\" src=\"https:\/\/hotelfilli.ch\/wp-content\/uploads\/2020\/11\/hotel_alca_filli_logo_weiss_def_def.svg\" class=\"attachment-large size-large wp-image-340\" alt=\"\" \/>\t\t\t\t\t\t\t\t\t\t\t\t\t\t\t<\/div>\n\t\t\t\t<\/div>\n\t\t\t\t\t<\/div>\n\t\t<\/div>\n\t\t\t\t\t\t\t<\/div>\n\t\t<\/section>\n\t\t\t\t\t<\/div>\n\t\t<\/div>\n\t\t\t\t\t\t\t<\/div>\n\t\t<\/section>\n\t\t\t\t<section class=\"elementor-section elementor-top-section elementor-element elementor-element-2f11d52 elementor-section-boxed elementor-section-height-default elementor-section-height-default\" data-id=\"2f11d52\" data-element_type=\"section\" data-settings=\"{&quot;jet_parallax_layout_list&quot;:[{&quot;jet_parallax_layout_image&quot;:{&quot;url&quot;:&quot;&quot;,&quot;id&quot;:&quot;&quot;,&quot;size&quot;:&quot;&quot;},&quot;_id&quot;:&quot;e8d4801&quot;,&quot;jet_parallax_layout_image_tablet&quot;:{&quot;url&quot;:&quot;&quot;,&quot;id&quot;:&quot;&quot;,&quot;size&quot;:&quot;&quot;},&quot;jet_parallax_layout_image_mobile&quot;:{&quot;url&quot;:&quot;&quot;,&quot;id&quot;:&quot;&quot;,&quot;size&quot;:&quot;&quot;},&quot;jet_parallax_layout_speed&quot;:{&quot;unit&quot;:&quot;%&quot;,&quot;size&quot;:50,&quot;sizes&quot;:[]},&quot;jet_parallax_layout_type&quot;:&quot;scroll&quot;,&quot;jet_parallax_layout_direction&quot;:null,&quot;jet_parallax_layout_fx_direction&quot;:null,&quot;jet_parallax_layout_z_index&quot;:&quot;&quot;,&quot;jet_parallax_layout_bg_x&quot;:50,&quot;jet_parallax_layout_bg_x_tablet&quot;:&quot;&quot;,&quot;jet_parallax_layout_bg_x_mobile&quot;:&quot;&quot;,&quot;jet_parallax_layout_bg_y&quot;:50,&quot;jet_parallax_layout_bg_y_tablet&quot;:&quot;&quot;,&quot;jet_parallax_layout_bg_y_mobile&quot;:&quot;&quot;,&quot;jet_parallax_layout_bg_size&quot;:&quot;auto&quot;,&quot;jet_parallax_layout_bg_size_tablet&quot;:&quot;&quot;,&quot;jet_parallax_layout_bg_size_mobile&quot;:&quot;&quot;,&quot;jet_parallax_layout_animation_prop&quot;:&quot;transform&quot;,&quot;jet_parallax_layout_on&quot;:[&quot;desktop&quot;,&quot;tablet&quot;]}]}\">\n\t\t\t\t\t\t<div class=\"elementor-container elementor-column-gap-default\">\n\t\t\t\t\t<div class=\"elementor-column elementor-col-100 elementor-top-column elementor-element elementor-element-bcedc4f\" data-id=\"bcedc4f\" data-element_type=\"column\">\n\t\t\t<div class=\"elementor-widget-wrap elementor-element-populated\">\n\t\t\t\t\t\t\t\t<div class=\"elementor-element elementor-element-36ec28e elementor-widget elementor-widget-text-editor\" data-id=\"36ec28e\" data-element_type=\"widget\" data-widget_type=\"text-editor.default\">\n\t\t\t\t<div class=\"elementor-widget-container\">\n\t\t\t\t\t\t\t<p>Termini e condizioni generali<br \/>Albergo Acla Filli, R\u00f6ven 61, CH-7530 Zernez<\/p><p>1. ambito di applicazione<br \/>Le presenti CGV si applicano a tutti i rapporti giuridici tra l'ospite e l'hotel.<br \/><br \/>2 Conclusione del contratto<br \/>Con la ricezione della prenotazione scritta, telefonica, elettronica o personale e la consegna della conferma di prenotazione, si stipula un contratto tra il cliente e l'hotel. Le presenti condizioni generali sono parte integrante del presente contratto. Le notifiche via e-mail saranno considerate come effettuate per iscritto.<br \/><br \/>3. durata di vita<br \/>Le camere dell'hotel sono disponibili dalle 14:00 del giorno di arrivo e fino alle 10:00 del giorno di partenza. In caso di rilascio tardivo della camera da parte dell'ospite dopo le ore 12.00, l'hotel pu\u00f2 addebitare CHF 50.- per l'utilizzo in eccesso rispetto al contratto, e una notte aggiuntiva sar\u00e0 addebitata a partire dalle ore 18.00. Se l'ospite arriva dopo le 18:00, l'hotel pu\u00f2 addebitare un costo di 50 CHF.<br \/><br \/>4. quotazioni di prezzo<br \/>Se non diversamente indicato, tutti i prezzi sono espressi in franchi svizzeri (CHF) e includono l'IVA come previsto dalla legge. I prezzi indicati sono soggetti a variazioni.<br \/><br \/>5. variazioni di prezzo<br \/>Nei seguenti casi, l'hotel pu\u00f2 modificare i prezzi pubblicizzati:<br \/>- imposte governative introdotte o aumentate di recente (ad es. IVA, tassa di soggiorno, ecc.).<br \/>- Variazioni del tasso di cambio (convertito in base al tasso corrente dell'hotel)<br \/>- Errori di stampa chiaramente spiegabili<br \/><br \/>6. modalit\u00e0 di pagamento<br \/>L'hotel ha il diritto di richiedere il pagamento anticipato, in tutto o in parte, dell'importo della prenotazione, in particolare per le prenotazioni con indirizzo di fatturazione estero o per importi elevati. L'hotel deve specificare il termine di pagamento nella fattura. Se il pagamento anticipato non viene effettuato in tempo, l'hotel pu\u00f2 recedere dal contratto (comprese tutte le promesse di servizi) immediatamente (senza sollecito) e richiedere i costi di cancellazione.<\/p><p>7. cancellazioni<br \/>Le cancellazioni sono valide solo se ricevute per iscritto dall'hotel.<br \/>- Cancellazione fino a 8 giorni prima dell'arrivo: nessun costo.<br \/>- Cancellazione entro 7 giorni o meno prima dell'arrivo: 100 % dell'importo prenotato.<\/p><p>8. Responsabilit\u00e0<br \/>L'hotel \u00e8 responsabile dei danni solo in caso di dolo o colpa grave. La responsabilit\u00e0 per gli oggetti portati dall'ospite \u00e8 esclusa nella misura consentita dalla legge. I reclami devono essere presentati per iscritto all'hotel immediatamente, al pi\u00f9 tardi 14 giorni dopo la partenza; in caso contrario, si considerano decaduti.<br \/><br \/>9. protezione dei dati<br \/>L'hotel si impegna a rispettare la normativa vigente in materia di protezione dei dati nel trattamento e nell'elaborazione di tutti i dati degli ospiti e dei dati di utilizzo degli ospiti. I dati degli ospiti saranno utilizzati solo per massimizzare la sicurezza operativa o nell'interesse della promozione delle vendite, della progettazione dei prodotti, della prevenzione della criminalit\u00e0, della raccolta di dati economici e statistici chiave e della fatturazione.<br \/><br \/>10 Legge applicabile e foro competente<br \/>Tutti i contratti stipulati con l'hotel ai sensi delle presenti CGV sono disciplinati esclusivamente dal diritto svizzero.<\/p>\t\t\t\t\t\t<\/div>\n\t\t\t\t<\/div>\n\t\t\t\t\t<\/div>\n\t\t<\/div>\n\t\t\t\t\t\t\t<\/div>\n\t\t<\/section>\n\t\t\t\t\t\t\t<\/div>","protected":false},"excerpt":{"rendered":"<p>Condizioni generali di contratto Condizioni generali di contrattoHotel Acla Filli, R\u00f6ven 61, CH-7530 Zernez 1 Ambito di applicazioneLe presenti condizioni generali di contratto si applicano a tutti i rapporti giuridici tra l'ospite e l'hotel. 2 Conclusione del contrattoIl contratto si conclude tra l'ospite e l'hotel con l'accettazione della prenotazione scritta, telefonica, elettronica o personale e la consegna della conferma della prenotazione. Le presenti Condizioni Generali [...]<\/p>","protected":false},"author":1,"featured_media":0,"parent":0,"menu_order":0,"comment_status":"closed","ping_status":"closed","template":"","meta":{"footnotes":""},"class_list":["post-1323","page","type-page","status-publish","hentry"],"_links":{"self":[{"href":"https:\/\/hotelfilli.ch\/it\/wp-json\/wp\/v2\/pages\/1323","targetHints":{"allow":["GET"]}}],"collection":[{"href":"https:\/\/hotelfilli.ch\/it\/wp-json\/wp\/v2\/pages"}],"about":[{"href":"https:\/\/hotelfilli.ch\/it\/wp-json\/wp\/v2\/types\/page"}],"author":[{"embeddable":true,"href":"https:\/\/hotelfilli.ch\/it\/wp-json\/wp\/v2\/users\/1"}],"replies":[{"embeddable":true,"href":"https:\/\/hotelfilli.ch\/it\/wp-json\/wp\/v2\/comments?post=1323"}],"version-history":[{"count":4,"href":"https:\/\/hotelfilli.ch\/it\/wp-json\/wp\/v2\/pages\/1323\/revisions"}],"predecessor-version":[{"id":1546,"href":"https:\/\/hotelfilli.ch\/it\/wp-json\/wp\/v2\/pages\/1323\/revisions\/1546"}],"wp:attachment":[{"href":"https:\/\/hotelfilli.ch\/it\/wp-json\/wp\/v2\/media?parent=1323"}],"curies":[{"name":"wp","href":"https:\/\/api.w.org\/{rel}","templated":true}]}}