{"id":1323,"date":"2020-12-09T09:59:27","date_gmt":"2020-12-09T09:59:27","guid":{"rendered":"https:\/\/hotelfilli.ch.webseitenplaner.ch\/?page_id=1323"},"modified":"2021-05-24T17:21:23","modified_gmt":"2021-05-24T17:21:23","slug":"agb","status":"publish","type":"page","link":"https:\/\/hotelfilli.ch\/fr\/agb\/","title":{"rendered":"CONDITIONS G\u00c9N\u00c9RALES"},"content":{"rendered":"<div data-elementor-type=\"wp-page\" data-elementor-id=\"1323\" class=\"elementor elementor-1323\" data-elementor-post-type=\"page\">\n\t\t\t\t\t\t\t\t\t<section class=\"elementor-section elementor-top-section elementor-element elementor-element-3eef9503 elementor-section-full_width elementor-section-height-min-height elementor-section-items-bottom elementor-section-height-default\" data-id=\"3eef9503\" data-element_type=\"section\" data-settings=\"{&quot;background_background&quot;:&quot;slideshow&quot;,&quot;background_slideshow_gallery&quot;:[{&quot;id&quot;:289,&quot;url&quot;:&quot;https:\\\/\\\/hotelfilli.ch\\\/wp-content\\\/uploads\\\/2020\\\/11\\\/bildwechsler_1.jpg&quot;},{&quot;id&quot;:290,&quot;url&quot;:&quot;https:\\\/\\\/hotelfilli.ch\\\/wp-content\\\/uploads\\\/2020\\\/11\\\/bildwechsler_2.jpg&quot;},{&quot;id&quot;:291,&quot;url&quot;:&quot;https:\\\/\\\/hotelfilli.ch\\\/wp-content\\\/uploads\\\/2020\\\/11\\\/bildwechsler_3.jpg&quot;},{&quot;id&quot;:292,&quot;url&quot;:&quot;https:\\\/\\\/hotelfilli.ch\\\/wp-content\\\/uploads\\\/2020\\\/11\\\/bildwechsler_4.jpg&quot;},{&quot;id&quot;:293,&quot;url&quot;:&quot;https:\\\/\\\/hotelfilli.ch\\\/wp-content\\\/uploads\\\/2020\\\/11\\\/bildwechsler_5.jpg&quot;},{&quot;id&quot;:294,&quot;url&quot;:&quot;https:\\\/\\\/hotelfilli.ch\\\/wp-content\\\/uploads\\\/2020\\\/11\\\/bildwechsler_6.jpg&quot;},{&quot;id&quot;:295,&quot;url&quot;:&quot;https:\\\/\\\/hotelfilli.ch\\\/wp-content\\\/uploads\\\/2020\\\/11\\\/bildwechsler_7.jpg&quot;},{&quot;id&quot;:296,&quot;url&quot;:&quot;https:\\\/\\\/hotelfilli.ch\\\/wp-content\\\/uploads\\\/2020\\\/11\\\/bildwechsler_8.jpg&quot;}],&quot;background_slideshow_transition_duration&quot;:1000,&quot;jet_parallax_layout_list&quot;:[{&quot;jet_parallax_layout_image&quot;:{&quot;url&quot;:&quot;&quot;,&quot;id&quot;:&quot;&quot;,&quot;size&quot;:&quot;&quot;},&quot;_id&quot;:&quot;5bf1d49&quot;,&quot;jet_parallax_layout_image_tablet&quot;:{&quot;url&quot;:&quot;&quot;,&quot;id&quot;:&quot;&quot;,&quot;size&quot;:&quot;&quot;},&quot;jet_parallax_layout_image_mobile&quot;:{&quot;url&quot;:&quot;&quot;,&quot;id&quot;:&quot;&quot;,&quot;size&quot;:&quot;&quot;},&quot;jet_parallax_layout_speed&quot;:{&quot;unit&quot;:&quot;%&quot;,&quot;size&quot;:50,&quot;sizes&quot;:[]},&quot;jet_parallax_layout_type&quot;:&quot;scroll&quot;,&quot;jet_parallax_layout_direction&quot;:null,&quot;jet_parallax_layout_fx_direction&quot;:null,&quot;jet_parallax_layout_z_index&quot;:&quot;&quot;,&quot;jet_parallax_layout_bg_x&quot;:50,&quot;jet_parallax_layout_bg_x_tablet&quot;:&quot;&quot;,&quot;jet_parallax_layout_bg_x_mobile&quot;:&quot;&quot;,&quot;jet_parallax_layout_bg_y&quot;:50,&quot;jet_parallax_layout_bg_y_tablet&quot;:&quot;&quot;,&quot;jet_parallax_layout_bg_y_mobile&quot;:&quot;&quot;,&quot;jet_parallax_layout_bg_size&quot;:&quot;auto&quot;,&quot;jet_parallax_layout_bg_size_tablet&quot;:&quot;&quot;,&quot;jet_parallax_layout_bg_size_mobile&quot;:&quot;&quot;,&quot;jet_parallax_layout_animation_prop&quot;:&quot;transform&quot;,&quot;jet_parallax_layout_on&quot;:[&quot;desktop&quot;,&quot;tablet&quot;]}],&quot;background_slideshow_loop&quot;:&quot;yes&quot;,&quot;background_slideshow_slide_duration&quot;:5000,&quot;background_slideshow_slide_transition&quot;:&quot;fade&quot;}\">\n\t\t\t\t\t\t<div class=\"elementor-container elementor-column-gap-default\">\n\t\t\t\t\t<div class=\"elementor-column elementor-col-100 elementor-top-column elementor-element elementor-element-342a2056\" data-id=\"342a2056\" data-element_type=\"column\">\n\t\t\t<div class=\"elementor-widget-wrap elementor-element-populated\">\n\t\t\t\t\t\t\t\t<section class=\"elementor-section elementor-inner-section elementor-element elementor-element-6ea7e86a elementor-section-full_width elementor-section-height-min-height elementor-section-height-default\" data-id=\"6ea7e86a\" data-element_type=\"section\" data-settings=\"{&quot;background_background&quot;:&quot;classic&quot;,&quot;jet_parallax_layout_list&quot;:[{&quot;jet_parallax_layout_image&quot;:{&quot;url&quot;:&quot;&quot;,&quot;id&quot;:&quot;&quot;,&quot;size&quot;:&quot;&quot;},&quot;_id&quot;:&quot;af2a7f8&quot;,&quot;jet_parallax_layout_image_tablet&quot;:{&quot;url&quot;:&quot;&quot;,&quot;id&quot;:&quot;&quot;,&quot;size&quot;:&quot;&quot;},&quot;jet_parallax_layout_image_mobile&quot;:{&quot;url&quot;:&quot;&quot;,&quot;id&quot;:&quot;&quot;,&quot;size&quot;:&quot;&quot;},&quot;jet_parallax_layout_speed&quot;:{&quot;unit&quot;:&quot;%&quot;,&quot;size&quot;:50,&quot;sizes&quot;:[]},&quot;jet_parallax_layout_type&quot;:&quot;scroll&quot;,&quot;jet_parallax_layout_direction&quot;:null,&quot;jet_parallax_layout_fx_direction&quot;:null,&quot;jet_parallax_layout_z_index&quot;:&quot;&quot;,&quot;jet_parallax_layout_bg_x&quot;:50,&quot;jet_parallax_layout_bg_x_tablet&quot;:&quot;&quot;,&quot;jet_parallax_layout_bg_x_mobile&quot;:&quot;&quot;,&quot;jet_parallax_layout_bg_y&quot;:50,&quot;jet_parallax_layout_bg_y_tablet&quot;:&quot;&quot;,&quot;jet_parallax_layout_bg_y_mobile&quot;:&quot;&quot;,&quot;jet_parallax_layout_bg_size&quot;:&quot;auto&quot;,&quot;jet_parallax_layout_bg_size_tablet&quot;:&quot;&quot;,&quot;jet_parallax_layout_bg_size_mobile&quot;:&quot;&quot;,&quot;jet_parallax_layout_animation_prop&quot;:&quot;transform&quot;,&quot;jet_parallax_layout_on&quot;:[&quot;desktop&quot;,&quot;tablet&quot;]}]}\">\n\t\t\t\t\t\t<div class=\"elementor-container elementor-column-gap-default\">\n\t\t\t\t\t<div class=\"elementor-column elementor-col-50 elementor-inner-column elementor-element elementor-element-1a88abae\" data-id=\"1a88abae\" data-element_type=\"column\">\n\t\t\t<div class=\"elementor-widget-wrap elementor-element-populated\">\n\t\t\t\t\t\t\t\t<div class=\"elementor-element elementor-element-1c054703 elementor-widget elementor-widget-heading\" data-id=\"1c054703\" data-element_type=\"widget\" data-widget_type=\"heading.default\">\n\t\t\t\t<div class=\"elementor-widget-container\">\n\t\t\t<h2 class=\"elementor-heading-title elementor-size-default\">CONDITIONS G\u00c9N\u00c9RALES<\/h2>\t\t<\/div>\n\t\t\t\t<\/div>\n\t\t\t\t<div class=\"elementor-element elementor-element-4509509a elementor-widget elementor-widget-heading\" data-id=\"4509509a\" data-element_type=\"widget\" data-widget_type=\"heading.default\">\n\t\t\t\t<div class=\"elementor-widget-container\">\n\t\t\t<h2 class=\"elementor-heading-title elementor-size-default\">Les conditions g\u00e9n\u00e9rales<\/h2>\t\t<\/div>\n\t\t\t\t<\/div>\n\t\t\t\t\t<\/div>\n\t\t<\/div>\n\t\t\t\t<div class=\"elementor-column elementor-col-50 elementor-inner-column elementor-element elementor-element-2127c60e\" data-id=\"2127c60e\" data-element_type=\"column\">\n\t\t\t<div class=\"elementor-widget-wrap elementor-element-populated\">\n\t\t\t\t\t\t\t\t<div class=\"elementor-element elementor-element-482d1596 elementor-widget elementor-widget-image\" data-id=\"482d1596\" data-element_type=\"widget\" data-widget_type=\"image.default\">\n\t\t\t\t<div class=\"elementor-widget-container\">\n\t\t\t\t\t\t\t\t\t\t\t\t\t\t\t<img loading=\"lazy\" decoding=\"async\" width=\"602\" height=\"264\" src=\"https:\/\/hotelfilli.ch\/wp-content\/uploads\/2020\/11\/hotel_alca_filli_logo_weiss_def_def.svg\" class=\"attachment-large size-large wp-image-340\" alt=\"\" \/>\t\t\t\t\t\t\t\t\t\t\t\t\t\t\t<\/div>\n\t\t\t\t<\/div>\n\t\t\t\t\t<\/div>\n\t\t<\/div>\n\t\t\t\t\t\t\t<\/div>\n\t\t<\/section>\n\t\t\t\t\t<\/div>\n\t\t<\/div>\n\t\t\t\t\t\t\t<\/div>\n\t\t<\/section>\n\t\t\t\t<section class=\"elementor-section elementor-top-section elementor-element elementor-element-2f11d52 elementor-section-boxed elementor-section-height-default elementor-section-height-default\" data-id=\"2f11d52\" data-element_type=\"section\" data-settings=\"{&quot;jet_parallax_layout_list&quot;:[{&quot;jet_parallax_layout_image&quot;:{&quot;url&quot;:&quot;&quot;,&quot;id&quot;:&quot;&quot;,&quot;size&quot;:&quot;&quot;},&quot;_id&quot;:&quot;e8d4801&quot;,&quot;jet_parallax_layout_image_tablet&quot;:{&quot;url&quot;:&quot;&quot;,&quot;id&quot;:&quot;&quot;,&quot;size&quot;:&quot;&quot;},&quot;jet_parallax_layout_image_mobile&quot;:{&quot;url&quot;:&quot;&quot;,&quot;id&quot;:&quot;&quot;,&quot;size&quot;:&quot;&quot;},&quot;jet_parallax_layout_speed&quot;:{&quot;unit&quot;:&quot;%&quot;,&quot;size&quot;:50,&quot;sizes&quot;:[]},&quot;jet_parallax_layout_type&quot;:&quot;scroll&quot;,&quot;jet_parallax_layout_direction&quot;:null,&quot;jet_parallax_layout_fx_direction&quot;:null,&quot;jet_parallax_layout_z_index&quot;:&quot;&quot;,&quot;jet_parallax_layout_bg_x&quot;:50,&quot;jet_parallax_layout_bg_x_tablet&quot;:&quot;&quot;,&quot;jet_parallax_layout_bg_x_mobile&quot;:&quot;&quot;,&quot;jet_parallax_layout_bg_y&quot;:50,&quot;jet_parallax_layout_bg_y_tablet&quot;:&quot;&quot;,&quot;jet_parallax_layout_bg_y_mobile&quot;:&quot;&quot;,&quot;jet_parallax_layout_bg_size&quot;:&quot;auto&quot;,&quot;jet_parallax_layout_bg_size_tablet&quot;:&quot;&quot;,&quot;jet_parallax_layout_bg_size_mobile&quot;:&quot;&quot;,&quot;jet_parallax_layout_animation_prop&quot;:&quot;transform&quot;,&quot;jet_parallax_layout_on&quot;:[&quot;desktop&quot;,&quot;tablet&quot;]}]}\">\n\t\t\t\t\t\t<div class=\"elementor-container elementor-column-gap-default\">\n\t\t\t\t\t<div class=\"elementor-column elementor-col-100 elementor-top-column elementor-element elementor-element-bcedc4f\" data-id=\"bcedc4f\" data-element_type=\"column\">\n\t\t\t<div class=\"elementor-widget-wrap elementor-element-populated\">\n\t\t\t\t\t\t\t\t<div class=\"elementor-element elementor-element-36ec28e elementor-widget elementor-widget-text-editor\" data-id=\"36ec28e\" data-element_type=\"widget\" data-widget_type=\"text-editor.default\">\n\t\t\t\t<div class=\"elementor-widget-container\">\n\t\t\t\t\t\t\t<p>Conditions g\u00e9n\u00e9rales d'affaires<br \/>H\u00f4tel Acla Filli, R\u00f6ven 61, CH-7530 Zernez<\/p><p>1. champ d'application<br \/>Ces CGV s'appliquent \u00e0 toutes les relations juridiques entre le client et l'h\u00f4tel.<br \/><br \/>2. conclusion du contrat<br \/>Avec l'acceptation de la r\u00e9servation \u00e9crite, t\u00e9l\u00e9phonique, \u00e9lectronique ou personnelle et la remise de la confirmation de r\u00e9servation, un contrat est conclu entre le client et l'h\u00f4tel. Les pr\u00e9sentes conditions g\u00e9n\u00e9rales font partie int\u00e9grante du pr\u00e9sent contrat. Les notifications par courrier \u00e9lectronique sont r\u00e9put\u00e9es avoir \u00e9t\u00e9 faites par \u00e9crit.<br \/><br \/>3. la dur\u00e9e de vie utile<br \/>Les chambres d'h\u00f4tel sont disponibles \u00e0 partir de 14 heures le jour de l'arriv\u00e9e et jusqu'\u00e0 10 heures le jour du d\u00e9part. En cas de lib\u00e9ration tardive de la chambre par le client \u00e0 partir de 12 heures, l'h\u00f4tel peut facturer 50 CHF pour l'utilisation d\u00e9passant le cadre du contrat ; \u00e0 partir de 18 heures, une nuit suppl\u00e9mentaire est factur\u00e9e. En cas d'arriv\u00e9e apr\u00e8s 18 heures, l'h\u00f4tel peut facturer 50 CHF.<br \/><br \/>4. les cotations de prix<br \/>Sauf indication contraire, tous les prix sont en francs suisses (CHF) et incluent la TVA l\u00e9gale. Les prix indiqu\u00e9s sont susceptibles d'\u00eatre modifi\u00e9s sans pr\u00e9avis.<br \/><br \/>5. les changements de prix<br \/>Dans les cas suivants, l'h\u00f4tel peut modifier les prix annonc\u00e9s :<br \/>- les taxes d'\u00c9tat nouvellement introduites ou augment\u00e9es (par exemple, la taxe sur la valeur ajout\u00e9e, la taxe de s\u00e9jour, etc.)<br \/>- Changements de taux de change (seront convertis en fonction du taux actuel de l'h\u00f4tel)<br \/>- les fautes d'impression qui peuvent \u00eatre clairement expliqu\u00e9es<br \/><br \/>6. les modalit\u00e9s de paiement<br \/>L'h\u00f4tel est en droit d'exiger un paiement anticip\u00e9 total ou partiel dans le cadre de la r\u00e9servation, en particulier pour les r\u00e9servations avec une adresse de facturation \u00e9trang\u00e8re ou en cas de montants de commande importants. L'h\u00f4tel doit pr\u00e9ciser le d\u00e9lai de paiement dans la facture. Si l'acompte n'est pas vers\u00e9 en temps voulu, l'h\u00f4tel peut r\u00e9silier le contrat (y compris toutes les promesses de prestation) imm\u00e9diatement (sans rappel) et exiger des frais d'annulation.<\/p><p>7. les annulations<br \/>Les annulations ne sont valables que si elles sont envoy\u00e9es \u00e0 l'h\u00f4tel par \u00e9crit.<br \/>- Annulation au moins 8 jours avant l'arriv\u00e9e : pas de frais<br \/>- Annulation dans les 7 jours ou moins avant l'arriv\u00e9e : 100 % de l'arrangement r\u00e9serv\u00e9<\/p><p>8. responsabilit\u00e9<br \/>L'h\u00f4tel n'est responsable des dommages qu'en cas d'intention ou de n\u00e9gligence grave. La responsabilit\u00e9 est exclue dans la mesure o\u00f9 la loi le permet pour les objets apport\u00e9s par le client. Les r\u00e9clamations doivent \u00eatre faites par \u00e9crit \u00e0 l'h\u00f4tel imm\u00e9diatement, au plus tard 14 jours apr\u00e8s le d\u00e9part ; sinon, elles sont consid\u00e9r\u00e9es comme perdues.<br \/><br \/>9. la protection des donn\u00e9es<br \/>L'h\u00f4tel s'engage \u00e0 respecter la l\u00e9gislation applicable en mati\u00e8re de protection des donn\u00e9es lors du traitement de toutes les donn\u00e9es des clients et de leur utilisation. Les donn\u00e9es des visiteurs sont uniquement utilis\u00e9es pour maximiser la s\u00e9curit\u00e9 op\u00e9rationnelle ou dans l'int\u00e9r\u00eat de la promotion des ventes, de la conception des produits, de la pr\u00e9vention de la criminalit\u00e9, de la collecte de donn\u00e9es et de statistiques \u00e9conomiques cl\u00e9s et de la facturation.<br \/><br \/>10. le droit applicable et le lieu de juridiction<br \/>Tous les contrats conclus avec l'H\u00f4tel en vertu des pr\u00e9sentes CGV sont exclusivement r\u00e9gis par le droit suisse.<\/p>\t\t\t\t\t\t<\/div>\n\t\t\t\t<\/div>\n\t\t\t\t\t<\/div>\n\t\t<\/div>\n\t\t\t\t\t\t\t<\/div>\n\t\t<\/section>\n\t\t\t\t\t\t\t<\/div>","protected":false},"excerpt":{"rendered":"<p>Conditions g\u00e9n\u00e9rales de vente Conditions g\u00e9n\u00e9rales de venteH\u00f4tel Acla Filli, R\u00f6ven 61, CH-7530 Zernez 1. Champ d'applicationLes pr\u00e9sentes conditions g\u00e9n\u00e9rales de vente s'appliquent \u00e0 toutes les relations juridiques entre le client et l'h\u00f4tel. 2. conclusion du contratLa r\u00e9ception de la r\u00e9servation \u00e9crite, t\u00e9l\u00e9phonique, \u00e9lectronique ou personnelle et l'envoi de la confirmation de r\u00e9servation constituent un contrat entre l'h\u00f4te et l'h\u00f4tel. Les pr\u00e9sentes conditions g\u00e9n\u00e9rales de vente [...].<\/p>","protected":false},"author":1,"featured_media":0,"parent":0,"menu_order":0,"comment_status":"closed","ping_status":"closed","template":"","meta":{"footnotes":""},"class_list":["post-1323","page","type-page","status-publish","hentry"],"_links":{"self":[{"href":"https:\/\/hotelfilli.ch\/fr\/wp-json\/wp\/v2\/pages\/1323","targetHints":{"allow":["GET"]}}],"collection":[{"href":"https:\/\/hotelfilli.ch\/fr\/wp-json\/wp\/v2\/pages"}],"about":[{"href":"https:\/\/hotelfilli.ch\/fr\/wp-json\/wp\/v2\/types\/page"}],"author":[{"embeddable":true,"href":"https:\/\/hotelfilli.ch\/fr\/wp-json\/wp\/v2\/users\/1"}],"replies":[{"embeddable":true,"href":"https:\/\/hotelfilli.ch\/fr\/wp-json\/wp\/v2\/comments?post=1323"}],"version-history":[{"count":4,"href":"https:\/\/hotelfilli.ch\/fr\/wp-json\/wp\/v2\/pages\/1323\/revisions"}],"predecessor-version":[{"id":1546,"href":"https:\/\/hotelfilli.ch\/fr\/wp-json\/wp\/v2\/pages\/1323\/revisions\/1546"}],"wp:attachment":[{"href":"https:\/\/hotelfilli.ch\/fr\/wp-json\/wp\/v2\/media?parent=1323"}],"curies":[{"name":"wp","href":"https:\/\/api.w.org\/{rel}","templated":true}]}}